{"id":262,"date":"2022-12-20T21:49:08","date_gmt":"2022-12-20T18:49:08","guid":{"rendered":"http:\/\/macerayollarda.com\/index.php\/transactions\/"},"modified":"2022-12-20T22:29:43","modified_gmt":"2022-12-20T19:29:43","slug":"davet-kaydi","status":"publish","type":"page","link":"http:\/\/macerayollarda.com\/index.php\/davet-kaydi\/","title":{"rendered":"Davet Kayd\u0131"},"content":{"rendered":"<p>[ESPRESSO_TXN_PAGE]<\/p>\n","protected":false},"excerpt":{"rendered":"<p>[ESPRESSO_TXN_PAGE]<\/p>\n","protected":false},"author":1,"featured_media":0,"parent":0,"menu_order":0,"comment_status":"closed","ping_status":"closed","template":"","meta":{"footnotes":""},"class_list":["post-262","page","type-page","status-publish","hentry"],"yoast_head":"<!-- This site is optimized with the Yoast SEO plugin v20.3 - https:\/\/yoast.com\/wordpress\/plugins\/seo\/ -->\n<title>Davet Kayd\u0131 - Macera Yollarda! \ud83d\uddfa<\/title>\n<meta name=\"robots\" content=\"index, follow, max-snippet:-1, max-image-preview:large, max-video-preview:-1\" \/>\n<link rel=\"canonical\" href=\"http:\/\/macerayollarda.com\/index.php\/davet-kaydi\/\" \/>\n<meta property=\"og:locale\" content=\"tr_TR\" \/>\n<meta property=\"og:type\" content=\"article\" \/>\n<meta property=\"og:title\" content=\"Davet Kayd\u0131 - Macera Yollarda! \ud83d\uddfa\" \/>\n<meta property=\"og:description\" content=\"[ESPRESSO_TXN_PAGE]\" \/>\n<meta property=\"og:url\" content=\"http:\/\/macerayollarda.com\/index.php\/davet-kaydi\/\" \/>\n<meta property=\"og:site_name\" content=\"Macera Yollarda! \ud83d\uddfa\" \/>\n<meta property=\"article:modified_time\" content=\"2022-12-20T19:29:43+00:00\" \/>\n<meta name=\"twitter:card\" content=\"summary_large_image\" \/>\n<meta name=\"twitter:label1\" content=\"Tahmini okuma s\u00fcresi\" \/>\n\t<meta name=\"twitter:data1\" content=\"1 dakika\" \/>\n<script type=\"application\/ld+json\" class=\"yoast-schema-graph\">{\"@context\":\"https:\/\/schema.org\",\"@graph\":[{\"@type\":\"WebPage\",\"@id\":\"http:\/\/macerayollarda.com\/index.php\/davet-kaydi\/\",\"url\":\"http:\/\/macerayollarda.com\/index.php\/davet-kaydi\/\",\"name\":\"Davet Kayd\u0131 - Macera Yollarda! \ud83d\uddfa\",\"isPartOf\":{\"@id\":\"http:\/\/macerayollarda.com\/#website\"},\"datePublished\":\"2022-12-20T18:49:08+00:00\",\"dateModified\":\"2022-12-20T19:29:43+00:00\",\"breadcrumb\":{\"@id\":\"http:\/\/macerayollarda.com\/index.php\/davet-kaydi\/#breadcrumb\"},\"inLanguage\":\"tr\",\"potentialAction\":[{\"@type\":\"ReadAction\",\"target\":[\"http:\/\/macerayollarda.com\/index.php\/davet-kaydi\/\"]}]},{\"@type\":\"BreadcrumbList\",\"@id\":\"http:\/\/macerayollarda.com\/index.php\/davet-kaydi\/#breadcrumb\",\"itemListElement\":[{\"@type\":\"ListItem\",\"position\":1,\"name\":\"Anasayfa\",\"item\":\"http:\/\/macerayollarda.com\/\"},{\"@type\":\"ListItem\",\"position\":2,\"name\":\"Davet Kayd\u0131\"}]},{\"@type\":\"WebSite\",\"@id\":\"http:\/\/macerayollarda.com\/#website\",\"url\":\"http:\/\/macerayollarda.com\/\",\"name\":\"Macera Yollarda! \ud83d\uddfa\",\"description\":\"Yollara D\u00fc\u015ft\u00fck Derdimizden...\",\"potentialAction\":[{\"@type\":\"SearchAction\",\"target\":{\"@type\":\"EntryPoint\",\"urlTemplate\":\"http:\/\/macerayollarda.com\/?s={search_term_string}\"},\"query-input\":\"required name=search_term_string\"}],\"inLanguage\":\"tr\"}]}<\/script>\n<!-- \/ Yoast SEO plugin. -->","yoast_head_json":{"title":"Davet Kayd\u0131 - Macera Yollarda! \ud83d\uddfa","robots":{"index":"index","follow":"follow","max-snippet":"max-snippet:-1","max-image-preview":"max-image-preview:large","max-video-preview":"max-video-preview:-1"},"canonical":"http:\/\/macerayollarda.com\/index.php\/davet-kaydi\/","og_locale":"tr_TR","og_type":"article","og_title":"Davet Kayd\u0131 - Macera Yollarda! \ud83d\uddfa","og_description":"[ESPRESSO_TXN_PAGE]","og_url":"http:\/\/macerayollarda.com\/index.php\/davet-kaydi\/","og_site_name":"Macera Yollarda! \ud83d\uddfa","article_modified_time":"2022-12-20T19:29:43+00:00","twitter_card":"summary_large_image","twitter_misc":{"Tahmini okuma s\u00fcresi":"1 dakika"},"schema":{"@context":"https:\/\/schema.org","@graph":[{"@type":"WebPage","@id":"http:\/\/macerayollarda.com\/index.php\/davet-kaydi\/","url":"http:\/\/macerayollarda.com\/index.php\/davet-kaydi\/","name":"Davet Kayd\u0131 - Macera Yollarda! \ud83d\uddfa","isPartOf":{"@id":"http:\/\/macerayollarda.com\/#website"},"datePublished":"2022-12-20T18:49:08+00:00","dateModified":"2022-12-20T19:29:43+00:00","breadcrumb":{"@id":"http:\/\/macerayollarda.com\/index.php\/davet-kaydi\/#breadcrumb"},"inLanguage":"tr","potentialAction":[{"@type":"ReadAction","target":["http:\/\/macerayollarda.com\/index.php\/davet-kaydi\/"]}]},{"@type":"BreadcrumbList","@id":"http:\/\/macerayollarda.com\/index.php\/davet-kaydi\/#breadcrumb","itemListElement":[{"@type":"ListItem","position":1,"name":"Anasayfa","item":"http:\/\/macerayollarda.com\/"},{"@type":"ListItem","position":2,"name":"Davet Kayd\u0131"}]},{"@type":"WebSite","@id":"http:\/\/macerayollarda.com\/#website","url":"http:\/\/macerayollarda.com\/","name":"Macera Yollarda! \ud83d\uddfa","description":"Yollara D\u00fc\u015ft\u00fck Derdimizden...","potentialAction":[{"@type":"SearchAction","target":{"@type":"EntryPoint","urlTemplate":"http:\/\/macerayollarda.com\/?s={search_term_string}"},"query-input":"required name=search_term_string"}],"inLanguage":"tr"}]}},"_links":{"self":[{"href":"http:\/\/macerayollarda.com\/index.php\/wp-json\/wp\/v2\/pages\/262","targetHints":{"allow":["GET"]}}],"collection":[{"href":"http:\/\/macerayollarda.com\/index.php\/wp-json\/wp\/v2\/pages"}],"about":[{"href":"http:\/\/macerayollarda.com\/index.php\/wp-json\/wp\/v2\/types\/page"}],"author":[{"embeddable":true,"href":"http:\/\/macerayollarda.com\/index.php\/wp-json\/wp\/v2\/users\/1"}],"replies":[{"embeddable":true,"href":"http:\/\/macerayollarda.com\/index.php\/wp-json\/wp\/v2\/comments?post=262"}],"version-history":[{"count":2,"href":"http:\/\/macerayollarda.com\/index.php\/wp-json\/wp\/v2\/pages\/262\/revisions"}],"predecessor-version":[{"id":282,"href":"http:\/\/macerayollarda.com\/index.php\/wp-json\/wp\/v2\/pages\/262\/revisions\/282"}],"wp:attachment":[{"href":"http:\/\/macerayollarda.com\/index.php\/wp-json\/wp\/v2\/media?parent=262"}],"curies":[{"name":"wp","href":"https:\/\/api.w.org\/{rel}","templated":true}]}}