{"id":266,"date":"2022-12-20T21:49:09","date_gmt":"2022-12-20T18:49:09","guid":{"rendered":"http:\/\/macerayollarda.com\/index.php\/registration-cancelled\/"},"modified":"2022-12-20T22:26:41","modified_gmt":"2022-12-20T19:26:41","slug":"davet-iptali","status":"publish","type":"page","link":"http:\/\/macerayollarda.com\/index.php\/davet-iptali\/","title":{"rendered":"Davet \u0130ptali"},"content":{"rendered":"<p>[ESPRESSO_CANCELLED]<\/p>\n","protected":false},"excerpt":{"rendered":"<p>[ESPRESSO_CANCELLED]<\/p>\n","protected":false},"author":1,"featured_media":0,"parent":0,"menu_order":0,"comment_status":"closed","ping_status":"closed","template":"","meta":{"footnotes":""},"class_list":["post-266","page","type-page","status-publish","hentry"],"yoast_head":"<!-- This site is optimized with the Yoast SEO plugin v20.3 - https:\/\/yoast.com\/wordpress\/plugins\/seo\/ -->\n<title>Davet \u0130ptali - Macera Yollarda! \ud83d\uddfa<\/title>\n<meta name=\"robots\" content=\"index, follow, max-snippet:-1, max-image-preview:large, max-video-preview:-1\" \/>\n<link rel=\"canonical\" href=\"http:\/\/macerayollarda.com\/index.php\/davet-iptali\/\" \/>\n<meta property=\"og:locale\" content=\"tr_TR\" \/>\n<meta property=\"og:type\" content=\"article\" \/>\n<meta property=\"og:title\" content=\"Davet \u0130ptali - Macera Yollarda! \ud83d\uddfa\" \/>\n<meta property=\"og:description\" content=\"[ESPRESSO_CANCELLED]\" \/>\n<meta property=\"og:url\" content=\"http:\/\/macerayollarda.com\/index.php\/davet-iptali\/\" \/>\n<meta property=\"og:site_name\" content=\"Macera Yollarda! \ud83d\uddfa\" \/>\n<meta property=\"article:modified_time\" content=\"2022-12-20T19:26:41+00:00\" \/>\n<meta name=\"twitter:card\" content=\"summary_large_image\" \/>\n<meta name=\"twitter:label1\" content=\"Tahmini okuma s\u00fcresi\" \/>\n\t<meta name=\"twitter:data1\" content=\"1 dakika\" \/>\n<script type=\"application\/ld+json\" class=\"yoast-schema-graph\">{\"@context\":\"https:\/\/schema.org\",\"@graph\":[{\"@type\":\"WebPage\",\"@id\":\"http:\/\/macerayollarda.com\/index.php\/davet-iptali\/\",\"url\":\"http:\/\/macerayollarda.com\/index.php\/davet-iptali\/\",\"name\":\"Davet \u0130ptali - Macera Yollarda! \ud83d\uddfa\",\"isPartOf\":{\"@id\":\"http:\/\/macerayollarda.com\/#website\"},\"datePublished\":\"2022-12-20T18:49:09+00:00\",\"dateModified\":\"2022-12-20T19:26:41+00:00\",\"breadcrumb\":{\"@id\":\"http:\/\/macerayollarda.com\/index.php\/davet-iptali\/#breadcrumb\"},\"inLanguage\":\"tr\",\"potentialAction\":[{\"@type\":\"ReadAction\",\"target\":[\"http:\/\/macerayollarda.com\/index.php\/davet-iptali\/\"]}]},{\"@type\":\"BreadcrumbList\",\"@id\":\"http:\/\/macerayollarda.com\/index.php\/davet-iptali\/#breadcrumb\",\"itemListElement\":[{\"@type\":\"ListItem\",\"position\":1,\"name\":\"Anasayfa\",\"item\":\"https:\/\/macerayollarda.com\/\"},{\"@type\":\"ListItem\",\"position\":2,\"name\":\"Davet \u0130ptali\"}]},{\"@type\":\"WebSite\",\"@id\":\"http:\/\/macerayollarda.com\/#website\",\"url\":\"http:\/\/macerayollarda.com\/\",\"name\":\"Macera Yollarda! \ud83d\uddfa\",\"description\":\"Yollara D\u00fc\u015ft\u00fck Derdimizden...\",\"potentialAction\":[{\"@type\":\"SearchAction\",\"target\":{\"@type\":\"EntryPoint\",\"urlTemplate\":\"http:\/\/macerayollarda.com\/?s={search_term_string}\"},\"query-input\":\"required name=search_term_string\"}],\"inLanguage\":\"tr\"}]}<\/script>\n<!-- \/ Yoast SEO plugin. -->","yoast_head_json":{"title":"Davet \u0130ptali - Macera Yollarda! \ud83d\uddfa","robots":{"index":"index","follow":"follow","max-snippet":"max-snippet:-1","max-image-preview":"max-image-preview:large","max-video-preview":"max-video-preview:-1"},"canonical":"http:\/\/macerayollarda.com\/index.php\/davet-iptali\/","og_locale":"tr_TR","og_type":"article","og_title":"Davet \u0130ptali - Macera Yollarda! \ud83d\uddfa","og_description":"[ESPRESSO_CANCELLED]","og_url":"http:\/\/macerayollarda.com\/index.php\/davet-iptali\/","og_site_name":"Macera Yollarda! \ud83d\uddfa","article_modified_time":"2022-12-20T19:26:41+00:00","twitter_card":"summary_large_image","twitter_misc":{"Tahmini okuma s\u00fcresi":"1 dakika"},"schema":{"@context":"https:\/\/schema.org","@graph":[{"@type":"WebPage","@id":"http:\/\/macerayollarda.com\/index.php\/davet-iptali\/","url":"http:\/\/macerayollarda.com\/index.php\/davet-iptali\/","name":"Davet \u0130ptali - Macera Yollarda! \ud83d\uddfa","isPartOf":{"@id":"http:\/\/macerayollarda.com\/#website"},"datePublished":"2022-12-20T18:49:09+00:00","dateModified":"2022-12-20T19:26:41+00:00","breadcrumb":{"@id":"http:\/\/macerayollarda.com\/index.php\/davet-iptali\/#breadcrumb"},"inLanguage":"tr","potentialAction":[{"@type":"ReadAction","target":["http:\/\/macerayollarda.com\/index.php\/davet-iptali\/"]}]},{"@type":"BreadcrumbList","@id":"http:\/\/macerayollarda.com\/index.php\/davet-iptali\/#breadcrumb","itemListElement":[{"@type":"ListItem","position":1,"name":"Anasayfa","item":"https:\/\/macerayollarda.com\/"},{"@type":"ListItem","position":2,"name":"Davet \u0130ptali"}]},{"@type":"WebSite","@id":"http:\/\/macerayollarda.com\/#website","url":"http:\/\/macerayollarda.com\/","name":"Macera Yollarda! \ud83d\uddfa","description":"Yollara D\u00fc\u015ft\u00fck Derdimizden...","potentialAction":[{"@type":"SearchAction","target":{"@type":"EntryPoint","urlTemplate":"http:\/\/macerayollarda.com\/?s={search_term_string}"},"query-input":"required name=search_term_string"}],"inLanguage":"tr"}]}},"_links":{"self":[{"href":"http:\/\/macerayollarda.com\/index.php\/wp-json\/wp\/v2\/pages\/266","targetHints":{"allow":["GET"]}}],"collection":[{"href":"http:\/\/macerayollarda.com\/index.php\/wp-json\/wp\/v2\/pages"}],"about":[{"href":"http:\/\/macerayollarda.com\/index.php\/wp-json\/wp\/v2\/types\/page"}],"author":[{"embeddable":true,"href":"http:\/\/macerayollarda.com\/index.php\/wp-json\/wp\/v2\/users\/1"}],"replies":[{"embeddable":true,"href":"http:\/\/macerayollarda.com\/index.php\/wp-json\/wp\/v2\/comments?post=266"}],"version-history":[{"count":2,"href":"http:\/\/macerayollarda.com\/index.php\/wp-json\/wp\/v2\/pages\/266\/revisions"}],"predecessor-version":[{"id":278,"href":"http:\/\/macerayollarda.com\/index.php\/wp-json\/wp\/v2\/pages\/266\/revisions\/278"}],"wp:attachment":[{"href":"http:\/\/macerayollarda.com\/index.php\/wp-json\/wp\/v2\/media?parent=266"}],"curies":[{"name":"wp","href":"https:\/\/api.w.org\/{rel}","templated":true}]}}