{"id":279,"date":"2022-12-20T22:28:42","date_gmt":"2022-12-20T19:28:42","guid":{"rendered":"http:\/\/macerayollarda.com\/?page_id=279"},"modified":"2022-12-21T20:20:30","modified_gmt":"2022-12-21T17:20:30","slug":"davetiye","status":"publish","type":"page","link":"http:\/\/macerayollarda.com\/index.php\/davetiye\/","title":{"rendered":"D\u00fc\u011f\u00fcn\u00fcm\u00fcz var!"},"content":{"rendered":"\n<div  class=\"tribe-compatibility-container\" >\n\t<div\n\t\t class=\"tribe-common tribe-events tribe-events-view tribe-events-view--widget-events-list tribe-events-widget\" \t\tdata-js=\"tribe-events-view\"\n\t\tdata-view-rest-nonce=\"071468164c\"\n\t\tdata-view-rest-url=\"http:\/\/macerayollarda.com\/index.php\/wp-json\/tribe\/views\/v2\/html\"\n\t\tdata-view-manage-url=\"1\"\n\t\t\t\t\t\t\tdata-view-breakpoint-pointer=\"4e4ed353-7297-411c-ba4b-2050ea0d293d\"\n\t\t\t>\n\t\t<div class=\"tribe-events-widget-events-list\">\n\n\t\t\t\n\t\t\t<script data-js=\"tribe-events-view-data\" type=\"application\/json\">\n\t{\"slug\":\"widget-events-list\",\"prev_url\":\"\",\"next_url\":\"\",\"view_class\":\"Tribe\\\\Events\\\\Views\\\\V2\\\\Views\\\\Widgets\\\\Widget_List_View\",\"view_slug\":\"widget-events-list\",\"view_label\":\"View\",\"view\":null,\"should_manage_url\":true,\"id\":null,\"alias-slugs\":null,\"title\":\"Yakla\\u015fan Etkinlikler \\u2013 Macera Yollarda! \\ud83d\\uddfa\",\"limit\":\"5\",\"no_upcoming_events\":false,\"featured_events_only\":false,\"jsonld_enable\":false,\"tribe_is_list_widget\":false,\"admin_fields\":{\"title\":{\"label\":\"Ba\\u015fl\\u0131k:\",\"type\":\"text\",\"classes\":\"\",\"dependency\":\"\",\"id\":\"widget-tribe-widget-events-list--1-title\",\"name\":\"widget-tribe-widget-events-list[-1][title]\",\"options\":[],\"placeholder\":\"\",\"value\":null},\"limit\":{\"label\":\"G\\u00f6ster:\",\"type\":\"number\",\"default\":5,\"min\":1,\"max\":10,\"step\":1,\"classes\":\"\",\"dependency\":\"\",\"id\":\"widget-tribe-widget-events-list--1-limit\",\"name\":\"widget-tribe-widget-events-list[-1][limit]\",\"options\":[],\"placeholder\":\"\",\"value\":null},\"no_upcoming_events\":{\"label\":\"Yakla\\u015fan etkinlik yoksa bu bile\\u015feni gizle.\",\"type\":\"checkbox\",\"classes\":\"\",\"dependency\":\"\",\"id\":\"widget-tribe-widget-events-list--1-no_upcoming_events\",\"name\":\"widget-tribe-widget-events-list[-1][no_upcoming_events]\",\"options\":[],\"placeholder\":\"\",\"value\":null},\"featured_events_only\":{\"label\":\"Sadece \\u00f6ne \\u00e7\\u0131kan etkinliklerle s\\u0131n\\u0131rland\\u0131r\",\"type\":\"checkbox\",\"classes\":\"\",\"dependency\":\"\",\"id\":\"widget-tribe-widget-events-list--1-featured_events_only\",\"name\":\"widget-tribe-widget-events-list[-1][featured_events_only]\",\"options\":[],\"placeholder\":\"\",\"value\":null},\"jsonld_enable\":{\"label\":\"JSON-LD verisi olu\\u015ftur\",\"type\":\"checkbox\",\"classes\":\"\",\"dependency\":\"\",\"id\":\"widget-tribe-widget-events-list--1-jsonld_enable\",\"name\":\"widget-tribe-widget-events-list[-1][jsonld_enable]\",\"options\":[],\"placeholder\":\"\",\"value\":null}},\"events\":[],\"url\":\"http:\\\/\\\/macerayollarda.com\\\/?post_type=tribe_events&eventDisplay=widget-events-list\",\"url_event_date\":false,\"bar\":{\"keyword\":\"\",\"date\":\"\"},\"today\":\"2026-04-23 00:00:00\",\"now\":\"2026-04-23 15:54:45\",\"rest_url\":\"http:\\\/\\\/macerayollarda.com\\\/index.php\\\/wp-json\\\/tribe\\\/views\\\/v2\\\/html\",\"rest_method\":\"POST\",\"rest_nonce\":\"071468164c\",\"today_url\":\"http:\\\/\\\/macerayollarda.com\\\/?post_type=tribe_events&eventDisplay=widget-events-list&rest_route=%2Fwp%2Fv2%2Fpages%2F279\",\"today_title\":\"Click to select today's date\",\"today_label\":\"Today\",\"prev_label\":\"\",\"next_label\":\"\",\"date_formats\":{\"compact\":\"d\\\/m\\\/Y\",\"month_and_year_compact\":\"m\\\/Y\",\"month_and_year\":\"F Y\",\"time_range_separator\":\" - \",\"date_time_separator\":\" @ \"},\"messages\":{\"notice\":[\"Yakla\\u015fmakta olan etkinlikler yok. \"]},\"start_of_week\":\"1\",\"breadcrumbs\":[],\"before_events\":\"\",\"after_events\":\"\\n<!--\\nThis calendar is powered by The Events Calendar.\\nhttp:\\\/\\\/evnt.is\\\/18wn\\n-->\\n\",\"display_events_bar\":false,\"disable_event_search\":false,\"live_refresh\":true,\"ical\":{\"display_link\":true,\"link\":{\"url\":\"http:\\\/\\\/macerayollarda.com\\\/?post_type=tribe_events&#038;eventDisplay=widget-events-list&#038;ical=1\",\"text\":\"Etkinlikler i\\u00e7in d\\u0131\\u015fa aktar\\u0131m\",\"title\":\"Takvim verisini Google Takvim, Apple iCal veya uyumlu ba\\u015fka uygulamalar ile payla\\u015fmak i\\u00e7in kullan\\u0131n\"}},\"container_classes\":[\"tribe-common\",\"tribe-events\",\"tribe-events-view\",\"tribe-events-view--widget-events-list\",\"tribe-events-widget\"],\"container_data\":[],\"is_past\":false,\"breakpoints\":{\"xsmall\":500,\"medium\":768,\"full\":960},\"breakpoint_pointer\":\"4e4ed353-7297-411c-ba4b-2050ea0d293d\",\"is_initial_load\":false,\"public_views\":{\"list\":{\"view_class\":\"Tribe\\\\Events\\\\Views\\\\V2\\\\Views\\\\List_View\",\"view_url\":\"http:\\\/\\\/macerayollarda.com\\\/events\\\/liste\\\/\",\"view_label\":\"List\"},\"month\":{\"view_class\":\"Tribe\\\\Events\\\\Views\\\\V2\\\\Views\\\\Month_View\",\"view_url\":\"http:\\\/\\\/macerayollarda.com\\\/events\\\/ay\\\/\",\"view_label\":\"Month\"},\"day\":{\"view_class\":\"Tribe\\\\Events\\\\Views\\\\V2\\\\Views\\\\Day_View\",\"view_url\":\"http:\\\/\\\/macerayollarda.com\\\/events\\\/bugun\\\/\",\"view_label\":\"Day\"}},\"show_latest_past\":false,\"compatibility_classes\":[\"tribe-compatibility-container\"],\"view_more_text\":\"Takvimi g\\u00f6r\\u00fcnt\\u00fcle\",\"view_more_title\":\"Daha fazla etkinlikler g\\u00f6r\\u00fcnt\\u00fcle.\",\"view_more_link\":\"http:\\\/\\\/macerayollarda.com\\\/events\\\/\",\"widget_title\":\"Yakla\\u015fan Etkinlikler\",\"hide_if_no_upcoming_events\":false,\"display\":[],\"subscribe_links\":{\"gcal\":{\"label\":\"Google Takvim\",\"single_label\":\"Google Takvim i\\u00e7in ekle\",\"visible\":true,\"block_slug\":\"hasGoogleCalendar\"},\"ical\":{\"label\":\"iCalendar\",\"single_label\":\"Add to iCalendar\",\"visible\":true,\"block_slug\":\"hasiCal\"},\"outlook-365\":{\"label\":\"Outlook 365\",\"single_label\":\"Outlook 365\",\"visible\":true,\"block_slug\":\"hasOutlook365\"},\"outlook-live\":{\"label\":\"Outlook Live\",\"single_label\":\"Outlook Live\",\"visible\":true,\"block_slug\":\"hasOutlookLive\"},\"ics\":{\"label\":\"Export .ics file\",\"single_label\":\"Export .ics file\",\"visible\":true,\"block_slug\":null},\"outlook-ics\":{\"label\":\"Outlook .ics dosyas\\u0131n\\u0131 d\\u0131\\u015fa aktar\",\"single_label\":\"Outlook .ics dosyas\\u0131n\\u0131 d\\u0131\\u015fa aktar\",\"visible\":true,\"block_slug\":null}},\"_context\":{\"slug\":\"widget-events-list\"}}<\/script>\n\n\t\t\t\t\t\t\t<header class=\"tribe-events-widget-events-list__header\">\n\t\t\t\t\t<h2 class=\"tribe-events-widget-events-list__header-title tribe-common-h6 tribe-common-h--alt\">\n\t\t\t\t\t\tYakla\u015fan Etkinlikler\t\t\t\t\t<\/h2>\n\t\t\t\t<\/header>\n\t\t\t\n\t\t\t\n\t\t\t\t<div  class=\"tribe-events-header__messages tribe-events-c-messages tribe-common-b2\"  >\n\t\t\t<div class=\"tribe-events-c-messages__message tribe-events-c-messages__message--notice\" role=\"alert\">\n\t\t\t<svg  class=\"tribe-common-c-svgicon tribe-common-c-svgicon--messages-not-found tribe-events-c-messages__message-icon-svg\"  viewBox=\"0 0 21 23\" xmlns=\"http:\/\/www.w3.org\/2000\/svg\"><g fill-rule=\"evenodd\"><path d=\"M.5 2.5h20v20H.5z\"\/><path stroke-linecap=\"round\" d=\"M7.583 11.583l5.834 5.834m0-5.834l-5.834 5.834\" class=\"tribe-common-c-svgicon__svg-stroke\"\/><path stroke-linecap=\"round\" d=\"M4.5.5v4m12-4v4\"\/><path stroke-linecap=\"square\" d=\"M.5 7.5h20\"\/><\/g><\/svg>\n\t\t\t<ul class=\"tribe-events-c-messages__message-list\">\n\t\t\t\t\t\t\t\t\t<li\n\t\t\t\t\t\tclass=\"tribe-events-c-messages__message-list-item\"\n\t\t\t\t\t\t data-key=\"0\" \t\t\t\t\t>\n\t\t\t\t\tYakla\u015fmakta olan etkinlikler yok. \t\t\t\t\t<\/li>\n\t\t\t\t\t\t\t<\/ul>\n\t\t<\/div>\n\t<\/div>\n\n\t\t\t\t\t<\/div>\n\t<\/div>\n<\/div>\n\n","protected":false},"excerpt":{"rendered":"","protected":false},"author":1,"featured_media":0,"parent":0,"menu_order":0,"comment_status":"closed","ping_status":"closed","template":"","meta":{"footnotes":""},"class_list":["post-279","page","type-page","status-publish","hentry"],"yoast_head":"<!-- This site is optimized with the Yoast SEO plugin v20.3 - https:\/\/yoast.com\/wordpress\/plugins\/seo\/ -->\n<title>D\u00fc\u011f\u00fcn\u00fcm\u00fcz var! - Macera Yollarda! \ud83d\uddfa<\/title>\n<meta name=\"robots\" content=\"index, follow, max-snippet:-1, max-image-preview:large, max-video-preview:-1\" \/>\n<link rel=\"canonical\" href=\"http:\/\/macerayollarda.com\/index.php\/davetiye\/\" \/>\n<meta property=\"og:locale\" content=\"tr_TR\" \/>\n<meta property=\"og:type\" content=\"article\" \/>\n<meta property=\"og:title\" content=\"D\u00fc\u011f\u00fcn\u00fcm\u00fcz var! - Macera Yollarda! \ud83d\uddfa\" \/>\n<meta property=\"og:url\" content=\"http:\/\/macerayollarda.com\/index.php\/davetiye\/\" \/>\n<meta property=\"og:site_name\" content=\"Macera Yollarda! \ud83d\uddfa\" \/>\n<meta property=\"article:modified_time\" content=\"2022-12-21T17:20:30+00:00\" \/>\n<meta name=\"twitter:card\" content=\"summary_large_image\" \/>\n<script type=\"application\/ld+json\" class=\"yoast-schema-graph\">{\"@context\":\"https:\/\/schema.org\",\"@graph\":[{\"@type\":\"WebPage\",\"@id\":\"http:\/\/macerayollarda.com\/index.php\/davetiye\/\",\"url\":\"http:\/\/macerayollarda.com\/index.php\/davetiye\/\",\"name\":\"D\u00fc\u011f\u00fcn\u00fcm\u00fcz var! - Macera Yollarda! \ud83d\uddfa\",\"isPartOf\":{\"@id\":\"http:\/\/macerayollarda.com\/#website\"},\"datePublished\":\"2022-12-20T19:28:42+00:00\",\"dateModified\":\"2022-12-21T17:20:30+00:00\",\"breadcrumb\":{\"@id\":\"http:\/\/macerayollarda.com\/index.php\/davetiye\/#breadcrumb\"},\"inLanguage\":\"tr\",\"potentialAction\":[{\"@type\":\"ReadAction\",\"target\":[\"http:\/\/macerayollarda.com\/index.php\/davetiye\/\"]}]},{\"@type\":\"BreadcrumbList\",\"@id\":\"http:\/\/macerayollarda.com\/index.php\/davetiye\/#breadcrumb\",\"itemListElement\":[{\"@type\":\"ListItem\",\"position\":1,\"name\":\"Anasayfa\",\"item\":\"http:\/\/macerayollarda.com\/\"},{\"@type\":\"ListItem\",\"position\":2,\"name\":\"D\u00fc\u011f\u00fcn\u00fcm\u00fcz var!\"}]},{\"@type\":\"WebSite\",\"@id\":\"http:\/\/macerayollarda.com\/#website\",\"url\":\"http:\/\/macerayollarda.com\/\",\"name\":\"Macera Yollarda! \ud83d\uddfa\",\"description\":\"Yollara D\u00fc\u015ft\u00fck Derdimizden...\",\"potentialAction\":[{\"@type\":\"SearchAction\",\"target\":{\"@type\":\"EntryPoint\",\"urlTemplate\":\"http:\/\/macerayollarda.com\/?s={search_term_string}\"},\"query-input\":\"required name=search_term_string\"}],\"inLanguage\":\"tr\"}]}<\/script>\n<!-- \/ Yoast SEO plugin. -->","yoast_head_json":{"title":"D\u00fc\u011f\u00fcn\u00fcm\u00fcz var! - Macera Yollarda! \ud83d\uddfa","robots":{"index":"index","follow":"follow","max-snippet":"max-snippet:-1","max-image-preview":"max-image-preview:large","max-video-preview":"max-video-preview:-1"},"canonical":"http:\/\/macerayollarda.com\/index.php\/davetiye\/","og_locale":"tr_TR","og_type":"article","og_title":"D\u00fc\u011f\u00fcn\u00fcm\u00fcz var! - Macera Yollarda! \ud83d\uddfa","og_url":"http:\/\/macerayollarda.com\/index.php\/davetiye\/","og_site_name":"Macera Yollarda! \ud83d\uddfa","article_modified_time":"2022-12-21T17:20:30+00:00","twitter_card":"summary_large_image","schema":{"@context":"https:\/\/schema.org","@graph":[{"@type":"WebPage","@id":"http:\/\/macerayollarda.com\/index.php\/davetiye\/","url":"http:\/\/macerayollarda.com\/index.php\/davetiye\/","name":"D\u00fc\u011f\u00fcn\u00fcm\u00fcz var! - Macera Yollarda! \ud83d\uddfa","isPartOf":{"@id":"http:\/\/macerayollarda.com\/#website"},"datePublished":"2022-12-20T19:28:42+00:00","dateModified":"2022-12-21T17:20:30+00:00","breadcrumb":{"@id":"http:\/\/macerayollarda.com\/index.php\/davetiye\/#breadcrumb"},"inLanguage":"tr","potentialAction":[{"@type":"ReadAction","target":["http:\/\/macerayollarda.com\/index.php\/davetiye\/"]}]},{"@type":"BreadcrumbList","@id":"http:\/\/macerayollarda.com\/index.php\/davetiye\/#breadcrumb","itemListElement":[{"@type":"ListItem","position":1,"name":"Anasayfa","item":"http:\/\/macerayollarda.com\/"},{"@type":"ListItem","position":2,"name":"D\u00fc\u011f\u00fcn\u00fcm\u00fcz var!"}]},{"@type":"WebSite","@id":"http:\/\/macerayollarda.com\/#website","url":"http:\/\/macerayollarda.com\/","name":"Macera Yollarda! \ud83d\uddfa","description":"Yollara D\u00fc\u015ft\u00fck Derdimizden...","potentialAction":[{"@type":"SearchAction","target":{"@type":"EntryPoint","urlTemplate":"http:\/\/macerayollarda.com\/?s={search_term_string}"},"query-input":"required name=search_term_string"}],"inLanguage":"tr"}]}},"_links":{"self":[{"href":"http:\/\/macerayollarda.com\/index.php\/wp-json\/wp\/v2\/pages\/279","targetHints":{"allow":["GET"]}}],"collection":[{"href":"http:\/\/macerayollarda.com\/index.php\/wp-json\/wp\/v2\/pages"}],"about":[{"href":"http:\/\/macerayollarda.com\/index.php\/wp-json\/wp\/v2\/types\/page"}],"author":[{"embeddable":true,"href":"http:\/\/macerayollarda.com\/index.php\/wp-json\/wp\/v2\/users\/1"}],"replies":[{"embeddable":true,"href":"http:\/\/macerayollarda.com\/index.php\/wp-json\/wp\/v2\/comments?post=279"}],"version-history":[{"count":4,"href":"http:\/\/macerayollarda.com\/index.php\/wp-json\/wp\/v2\/pages\/279\/revisions"}],"predecessor-version":[{"id":319,"href":"http:\/\/macerayollarda.com\/index.php\/wp-json\/wp\/v2\/pages\/279\/revisions\/319"}],"wp:attachment":[{"href":"http:\/\/macerayollarda.com\/index.php\/wp-json\/wp\/v2\/media?parent=279"}],"curies":[{"name":"wp","href":"https:\/\/api.w.org\/{rel}","templated":true}]}}